{"id":164,"date":"2022-06-12T00:05:26","date_gmt":"2022-06-11T22:05:26","guid":{"rendered":"https:\/\/aniatrawka.pl\/?page_id=164"},"modified":"2022-06-12T00:12:39","modified_gmt":"2022-06-11T22:12:39","slug":"polityka-prywatnosci","status":"publish","type":"page","link":"http:\/\/aniatrawka.pl\/index.php\/polityka-prywatnosci\/","title":{"rendered":"Polityka Prywatno\u015bci"},"content":{"rendered":"\t\t<div data-elementor-type=\"wp-page\" data-elementor-id=\"164\" class=\"elementor elementor-164\">\n\t\t\t\t\t\t\t\t\t<section class=\"elementor-section elementor-top-section elementor-element elementor-element-5575475 elementor-section-boxed elementor-section-height-default elementor-section-height-default\" data-id=\"5575475\" data-element_type=\"section\">\n\t\t\t\t\t\t<div class=\"elementor-container elementor-column-gap-default\">\n\t\t\t\t\t<div class=\"elementor-column elementor-col-100 elementor-top-column elementor-element elementor-element-f44aacb\" data-id=\"f44aacb\" data-element_type=\"column\">\n\t\t\t<div class=\"elementor-widget-wrap elementor-element-populated\">\n\t\t\t\t\t\t\t\t<div class=\"elementor-element elementor-element-faf11eb elementor-widget elementor-widget-text-editor\" data-id=\"faf11eb\" data-element_type=\"widget\" data-widget_type=\"text-editor.default\">\n\t\t\t\t<div class=\"elementor-widget-container\">\n\t\t\t<style>\/*! elementor - v3.6.6 - 08-06-2022 *\/\n.elementor-widget-text-editor.elementor-drop-cap-view-stacked .elementor-drop-cap{background-color:#818a91;color:#fff}.elementor-widget-text-editor.elementor-drop-cap-view-framed .elementor-drop-cap{color:#818a91;border:3px solid;background-color:transparent}.elementor-widget-text-editor:not(.elementor-drop-cap-view-default) .elementor-drop-cap{margin-top:8px}.elementor-widget-text-editor:not(.elementor-drop-cap-view-default) .elementor-drop-cap-letter{width:1em;height:1em}.elementor-widget-text-editor .elementor-drop-cap{float:left;text-align:center;line-height:1;font-size:50px}.elementor-widget-text-editor .elementor-drop-cap-letter{display:inline-block}<\/style>\t\t\t\t<p>&nbsp;<b>POLITYKA&nbsp; PRYWATNO\u015aCI<br><br><\/b><\/p>\n<p><\/p>\n<p style=\"box-sizing: inherit; -webkit-font-smoothing: antialiased; word-break: break-word; overflow-wrap: break-word; border: none; font-size: 21px; line-height: 1.476; margin-bottom: 1em; padding: 0px; font-family: Arial, 'Helvetica Neue', Helvetica, sans-serif; color: #000000;\">1. Serwis zbiera w spos\u00f3b automatyczny tylko informacje zawarte w plikach cookies.<\/p>\n<div style=\"box-sizing: inherit; -webkit-font-smoothing: antialiased; word-break: break-word; overflow-wrap: break-word; margin-bottom: 0px; color: #000000; font-family: Arial, 'Helvetica Neue', Helvetica, sans-serif; font-size: 21px;\">\n<p style=\"box-sizing: inherit; -webkit-font-smoothing: antialiased; word-break: break-word; overflow-wrap: break-word; border: none; line-height: 1.476; margin-bottom: 1em; padding: 0px; text-align: inherit;\"><span style=\"box-sizing: inherit; -webkit-font-smoothing: antialiased; word-break: break-word; overflow-wrap: break-word; margin-bottom: 0px;\">2. Pliki (cookies) s\u0105 plikami tekstowymi, kt\u00f3re przechowywane s\u0105 w urz\u0105dzeniu ko\u0144cowym u\u017cytkownika serwisu. Przeznaczone s\u0105 do korzystania ze stron serwisu. Przede wszystkim zawieraj\u0105 nazw\u0119 strony internetowej swojego pochodzenia, sw\u00f3j unikalny numer, czas przechowywania na urz\u0105dzeniu ko\u0144cowym.<\/span><\/p>\n<p style=\"box-sizing: inherit; -webkit-font-smoothing: antialiased; word-break: break-word; overflow-wrap: break-word; border: none; line-height: 1.476; margin-bottom: 1em; padding: 0px; text-align: inherit;\"><span style=\"box-sizing: inherit; -webkit-font-smoothing: antialiased; word-break: break-word; overflow-wrap: break-word; margin-bottom: 0px;\">3. Operator strony aniatrawka.pl zamieszcza na urz\u0105dzeniu ko\u0144cowym swojego u\u017cytkownika pliki cookies oraz maj\u0105cym do nich dost\u0119p.<\/span><\/p>\n<p style=\"box-sizing: inherit; -webkit-font-smoothing: antialiased; word-break: break-word; overflow-wrap: break-word; border: none; line-height: 1.476; margin-bottom: 1em; padding: 0px; text-align: inherit;\"><span style=\"box-sizing: inherit; -webkit-font-smoothing: antialiased; word-break: break-word; overflow-wrap: break-word; margin-bottom: 0px;\">4. Strona aniatrawka.pl wykorzystuje pliki (cookies) w celu:<\/span><\/p>\n<ul style=\"box-sizing: inherit; -webkit-font-smoothing: antialiased; word-break: break-word; overflow-wrap: break-word; border: none; font-size: inherit; line-height: inherit; margin-right: 0px; margin-bottom: 4rem; margin-left: 3rem; padding: 0px; text-align: inherit; list-style-position: initial; list-style-image: initial;\">\n<li style=\"box-sizing: inherit; -webkit-font-smoothing: antialiased; word-break: break-word; overflow-wrap: break-word; border: none; font-size: inherit; line-height: 1.476; margin: 0.5rem 0px 0px 2rem; padding: 0px; text-align: inherit;\"><span style=\"box-sizing: inherit; -webkit-font-smoothing: antialiased; word-break: break-word; overflow-wrap: break-word; margin-bottom: 0px;\">dopasowania zawarto\u015bci strony internetowej do indywidualnych preferencji u\u017cytkownika, przede wszystkim pliki te rozpoznaj\u0105 jego urz\u0105dzenie, aby zgodnie z jego preferencjami wy\u015bwietli\u0107 stron\u0119;<\/span><\/li>\n<\/ul>\n<ul style=\"box-sizing: inherit; -webkit-font-smoothing: antialiased; word-break: break-word; overflow-wrap: break-word; border: none; font-size: inherit; line-height: inherit; margin-right: 0px; margin-bottom: 4rem; margin-left: 3rem; padding: 0px; text-align: inherit; list-style-position: initial; list-style-image: initial;\">\n<li style=\"box-sizing: inherit; -webkit-font-smoothing: antialiased; word-break: break-word; overflow-wrap: break-word; border: none; font-size: inherit; line-height: 1.476; margin: 0.5rem 0px 0px 2rem; padding: 0px; text-align: inherit;\"><span style=\"box-sizing: inherit; -webkit-font-smoothing: antialiased; word-break: break-word; overflow-wrap: break-word; margin-bottom: 0px;\">przygotowywania statystyk pomagaj\u0105cych poznaniu preferencji i zachowa\u0144 u\u017cytkownik\u00f3w, analiza tych statystyk jest anonimowa i umo\u017cliwia dostosowanie zawarto\u015bci i wygl\u0105du serwisu do panuj\u0105cych trend\u00f3w, statystyki stosuje si\u0119 te\u017c do oceny popularno\u015bci strony.<\/span><\/li>\n<\/ul>\n<ul style=\"box-sizing: inherit; -webkit-font-smoothing: antialiased; word-break: break-word; overflow-wrap: break-word; border: none; font-size: inherit; line-height: inherit; margin-right: 0px; margin-bottom: 4rem; margin-left: 3rem; padding: 0px; text-align: inherit; list-style-position: initial; list-style-image: initial;\">\n<\/ul>\n<p style=\"box-sizing: inherit; -webkit-font-smoothing: antialiased; word-break: break-word; overflow-wrap: break-word; border: none; line-height: 1.476; margin-bottom: 1em; padding: 0px; text-align: inherit;\"><span style=\"box-sizing: inherit; -webkit-font-smoothing: antialiased; word-break: break-word; overflow-wrap: break-word; margin-bottom: 0px;\">5. Serwis stosuje dwa zasadnicze rodzaje plik\u00f3w (cookies) \u2013 sesyjne i sta\u0142e. Pliki sesyjne s\u0105 tymczasowe, przechowuje si\u0119 je do momentu opuszczenia strony serwisu (poprzez wej\u015bcie na inn\u0105 stron\u0119, wylogowanie lub wy\u0142\u0105czenie przegl\u0105darki). Pliki sta\u0142e przechowywane s\u0105 w urz\u0105dzeniu ko\u0144cowym u\u017cytkownika do czasu ich usuni\u0119cia przez u\u017cytkownika lub przez czas wynikaj\u0105cy z ich ustawie\u0144.<\/span><\/p>\n<p style=\"box-sizing: inherit; -webkit-font-smoothing: antialiased; word-break: break-word; overflow-wrap: break-word; border: none; line-height: 1.476; margin-bottom: 1em; padding: 0px; text-align: inherit;\"><span style=\"box-sizing: inherit; -webkit-font-smoothing: antialiased; word-break: break-word; overflow-wrap: break-word; margin-bottom: 0px;\">6. U\u017cytkownik mo\u017ce w ka\u017cdej chwili dokona\u0107 zmiany ustawie\u0144 swojej przegl\u0105darki, aby zablokowa\u0107 obs\u0142ug\u0119 plik\u00f3w (cookies) lub ka\u017cdorazowo uzyskiwa\u0107 informacje o ich umieszczeniu w swoim urz\u0105dzeniu. Inne dost\u0119pne opcje mo\u017cna sprawdzi\u0107 w ustawieniach swojej przegl\u0105darki internetowej. Nale\u017cy pami\u0119ta\u0107, \u017ce wi\u0119kszo\u015b\u0107 przegl\u0105darek domy\u015blnie jest ustawione na akceptacj\u0119 zapisu plik\u00f3w (cookies)w urz\u0105dzeniu ko\u0144cowym.<\/span><\/p>\n<p style=\"box-sizing: inherit; -webkit-font-smoothing: antialiased; word-break: break-word; overflow-wrap: break-word; border: none; line-height: 1.476; margin-bottom: 1em; padding: 0px; text-align: inherit;\"><span style=\"box-sizing: inherit; -webkit-font-smoothing: antialiased; word-break: break-word; overflow-wrap: break-word; margin-bottom: 0px;\">7. Informujemy, \u017ce zmiany ustawie\u0144 w przegl\u0105darce internetowej u\u017cytkownika mog\u0105 ograniczy\u0107 dost\u0119p do niekt\u00f3rych funkcji strony internetowej serwisu.<\/span><\/p>\n<p style=\"box-sizing: inherit; -webkit-font-smoothing: antialiased; word-break: break-word; overflow-wrap: break-word; border: none; line-height: 1.476; margin-bottom: 1em; padding: 0px; text-align: inherit;\"><span style=\"box-sizing: inherit; -webkit-font-smoothing: antialiased; word-break: break-word; overflow-wrap: break-word; margin-bottom: 0px;\">8. Pliki (cookies) z kt\u00f3rych korzysta serwis (zamieszczane w urz\u0105dzeniu ko\u0144cowym u\u017cytkownika) mog\u0105 by\u0107 udost\u0119pnione jego partnerom oraz wsp\u00f3\u0142pracuj\u0105cym z nim reklamodawc\u0105.<\/span><\/p>\n<\/div>\t\t\t\t\t\t<\/div>\n\t\t\t\t<\/div>\n\t\t\t\t\t<\/div>\n\t\t<\/div>\n\t\t\t\t\t\t\t<\/div>\n\t\t<\/section>\n\t\t\t\t\t\t\t<\/div>\n\t\t","protected":false},"excerpt":{"rendered":"<p>&nbsp;POLITYKA&nbsp; PRYWATNO\u015aCI 1. Serwis zbiera w spos\u00f3b automatyczny tylko informacje zawarte w plikach cookies. 2. Pliki (cookies) s\u0105 plikami tekstowymi, kt\u00f3re przechowywane s\u0105 w urz\u0105dzeniu ko\u0144cowym u\u017cytkownika serwisu. Przeznaczone s\u0105 do korzystania ze stron serwisu. Przede wszystkim zawieraj\u0105 nazw\u0119 strony internetowej swojego pochodzenia, sw\u00f3j unikalny numer, czas przechowywania na urz\u0105dzeniu [&hellip;]<\/p>\n","protected":false},"author":1,"featured_media":0,"parent":0,"menu_order":0,"comment_status":"closed","ping_status":"closed","template":"page-templates\/template-pagebuilder-full-width.php","meta":{"spay_email":"","footnotes":""},"class_list":["post-164","page","type-page","status-publish","hentry"],"_links":{"self":[{"href":"http:\/\/aniatrawka.pl\/index.php\/wp-json\/wp\/v2\/pages\/164","targetHints":{"allow":["GET"]}}],"collection":[{"href":"http:\/\/aniatrawka.pl\/index.php\/wp-json\/wp\/v2\/pages"}],"about":[{"href":"http:\/\/aniatrawka.pl\/index.php\/wp-json\/wp\/v2\/types\/page"}],"author":[{"embeddable":true,"href":"http:\/\/aniatrawka.pl\/index.php\/wp-json\/wp\/v2\/users\/1"}],"replies":[{"embeddable":true,"href":"http:\/\/aniatrawka.pl\/index.php\/wp-json\/wp\/v2\/comments?post=164"}],"version-history":[{"count":7,"href":"http:\/\/aniatrawka.pl\/index.php\/wp-json\/wp\/v2\/pages\/164\/revisions"}],"predecessor-version":[{"id":172,"href":"http:\/\/aniatrawka.pl\/index.php\/wp-json\/wp\/v2\/pages\/164\/revisions\/172"}],"wp:attachment":[{"href":"http:\/\/aniatrawka.pl\/index.php\/wp-json\/wp\/v2\/media?parent=164"}],"curies":[{"name":"wp","href":"https:\/\/api.w.org\/{rel}","templated":true}]}}