{"id":70,"date":"2022-06-09T23:54:56","date_gmt":"2022-06-09T21:54:56","guid":{"rendered":"https:\/\/aniatrawka.pl\/?post_type=product&#038;p=70"},"modified":"2023-12-19T10:26:55","modified_gmt":"2023-12-19T09:26:55","slug":"album-zatrzymaj-sie","status":"publish","type":"product","link":"https:\/\/aniatrawka.pl\/index.php\/produkt\/album-zatrzymaj-sie\/","title":{"rendered":"Album &#8222;Zatrzymaj si\u0119&#8221;"},"content":{"rendered":"","protected":false},"excerpt":{"rendered":"<p>Zrelaksuj si\u0119 i sp\u0119d\u017a czas przy dobrej, polskiej muzyce.<\/p>\n","protected":false},"featured_media":34,"comment_status":"open","ping_status":"closed","template":"","meta":{"spay_email":""},"product_cat":[23],"product_tag":[],"class_list":["post-70","product","type-product","status-publish","has-post-thumbnail","hentry","product_cat-nowosc"],"_links":{"self":[{"href":"https:\/\/aniatrawka.pl\/index.php\/wp-json\/wp\/v2\/product\/70","targetHints":{"allow":["GET"]}}],"collection":[{"href":"https:\/\/aniatrawka.pl\/index.php\/wp-json\/wp\/v2\/product"}],"about":[{"href":"https:\/\/aniatrawka.pl\/index.php\/wp-json\/wp\/v2\/types\/product"}],"replies":[{"embeddable":true,"href":"https:\/\/aniatrawka.pl\/index.php\/wp-json\/wp\/v2\/comments?post=70"}],"wp:featuredmedia":[{"embeddable":true,"href":"https:\/\/aniatrawka.pl\/index.php\/wp-json\/wp\/v2\/media\/34"}],"wp:attachment":[{"href":"https:\/\/aniatrawka.pl\/index.php\/wp-json\/wp\/v2\/media?parent=70"}],"wp:term":[{"taxonomy":"product_cat","embeddable":true,"href":"https:\/\/aniatrawka.pl\/index.php\/wp-json\/wp\/v2\/product_cat?post=70"},{"taxonomy":"product_tag","embeddable":true,"href":"https:\/\/aniatrawka.pl\/index.php\/wp-json\/wp\/v2\/product_tag?post=70"}],"curies":[{"name":"wp","href":"https:\/\/api.w.org\/{rel}","templated":true}]}}